{"id":116,"date":"2016-07-06T22:56:44","date_gmt":"2016-07-07T04:26:44","guid":{"rendered":"http:\/\/ec2-54-147-219-70.compute-1.amazonaws.com\/?page_id=116"},"modified":"2022-05-12T16:26:33","modified_gmt":"2022-05-12T22:26:33","slug":"galeria-de-videos","status":"publish","type":"page","link":"https:\/\/habitathn.org\/en\/galeria-de-videos\/","title":{"rendered":"(Espa\u00f1ol) Galer\u00eda de V\u00eddeos"},"content":{"rendered":"<p class=\"qtranxs-available-languages-message qtranxs-available-languages-message-en\">Sorry, this entry is only available in <a href=\"https:\/\/habitathn.org\/es\/wp-json\/wp\/v2\/pages\/116\" class=\"qtranxs-available-language-link qtranxs-available-language-link-es\" title=\"Espa\u00f1ol\">Espa\u00f1ol<\/a>.<\/p>","protected":false},"excerpt":{"rendered":"<p>Sorry, this entry is only available in Espa\u00f1ol.<\/p>\n","protected":false},"author":6,"featured_media":2814,"parent":0,"menu_order":0,"comment_status":"closed","ping_status":"closed","template":"","meta":{"_acf_changed":false,"footnotes":""},"class_list":["post-116","page","type-page","status-publish","has-post-thumbnail","hentry"],"acf":[],"rttpg_featured_image_url":{"full":["https:\/\/habitathn.org\/wp-content\/uploads\/2022\/05\/20211026_130813-scaled-e1652394355956.jpg",2547,1433,false],"landscape":["https:\/\/habitathn.org\/wp-content\/uploads\/2022\/05\/20211026_130813-scaled-e1652394355956.jpg",2547,1433,false],"portraits":["https:\/\/habitathn.org\/wp-content\/uploads\/2022\/05\/20211026_130813-scaled-e1652394355956.jpg",2547,1433,false],"thumbnail":["https:\/\/habitathn.org\/wp-content\/uploads\/2022\/05\/20211026_130813-scaled-e1652394355956.jpg",150,84,false],"medium":["https:\/\/habitathn.org\/wp-content\/uploads\/2022\/05\/20211026_130813-300x225.jpg",300,225,true],"large":["https:\/\/habitathn.org\/wp-content\/uploads\/2022\/05\/20211026_130813-scaled-e1652394355956.jpg",860,484,false],"1536x1536":["https:\/\/habitathn.org\/wp-content\/uploads\/2022\/05\/20211026_130813-scaled-e1652394355956.jpg",1536,864,false],"2048x2048":["https:\/\/habitathn.org\/wp-content\/uploads\/2022\/05\/20211026_130813-scaled-e1652394355956.jpg",2048,1152,false],"small-header":["https:\/\/habitathn.org\/wp-content\/uploads\/2022\/05\/20211026_130813-scaled-e1652394355956.jpg",391,220,false],"small-event":["https:\/\/habitathn.org\/wp-content\/uploads\/2022\/05\/20211026_130813-scaled-e1652394355956.jpg",100,56,false],"medium-event":["https:\/\/habitathn.org\/wp-content\/uploads\/2022\/05\/20211026_130813-scaled-e1652394355956.jpg",267,150,false],"large-event":["https:\/\/habitathn.org\/wp-content\/uploads\/2022\/05\/20211026_130813-scaled-e1652394355956.jpg",587,330,false],"large-event-2":["https:\/\/habitathn.org\/wp-content\/uploads\/2022\/05\/20211026_130813-scaled-e1652394355956.jpg",540,304,false],"document-thumb":["https:\/\/habitathn.org\/wp-content\/uploads\/2022\/05\/20211026_130813-scaled-e1652394355956.jpg",400,225,false],"gallery-full":["https:\/\/habitathn.org\/wp-content\/uploads\/2022\/05\/20211026_130813-scaled-e1652394355956.jpg",1564,880,false],"gallery-thumb":["https:\/\/habitathn.org\/wp-content\/uploads\/2022\/05\/20211026_130813-scaled-e1652394355956.jpg",540,304,false],"cause-medium":["https:\/\/habitathn.org\/wp-content\/uploads\/2022\/05\/20211026_130813-scaled-e1652394355956.jpg",900,506,false],"staff-home":["https:\/\/habitathn.org\/wp-content\/uploads\/2022\/05\/20211026_130813-scaled-e1652394355956.jpg",292,164,false],"woocommerce_thumbnail":["https:\/\/habitathn.org\/wp-content\/uploads\/2022\/05\/20211026_130813-scaled-e1652394355956-300x300.jpg",300,300,true],"woocommerce_single":["https:\/\/habitathn.org\/wp-content\/uploads\/2022\/05\/20211026_130813-scaled-e1652394355956.jpg",600,338,false],"woocommerce_gallery_thumbnail":["https:\/\/habitathn.org\/wp-content\/uploads\/2022\/05\/20211026_130813-scaled-e1652394355956-100x100.jpg",100,100,true],"variation_swatches_image_size":["https:\/\/habitathn.org\/wp-content\/uploads\/2022\/05\/20211026_130813-scaled-e1652394355956.jpg",50,28,false],"variation_swatches_tooltip_size":["https:\/\/habitathn.org\/wp-content\/uploads\/2022\/05\/20211026_130813-scaled-e1652394355956.jpg",100,56,false]},"rttpg_author":{"display_name":"Diego Programador","author_link":"https:\/\/habitathn.org\/en\/author\/programadorhabitat\/"},"rttpg_comment":0,"rttpg_category":null,"rttpg_excerpt":"Sorry, this entry is only available in Espa\u00f1ol.","_links":{"self":[{"href":"https:\/\/habitathn.org\/en\/wp-json\/wp\/v2\/pages\/116","targetHints":{"allow":["GET"]}}],"collection":[{"href":"https:\/\/habitathn.org\/en\/wp-json\/wp\/v2\/pages"}],"about":[{"href":"https:\/\/habitathn.org\/en\/wp-json\/wp\/v2\/types\/page"}],"author":[{"embeddable":true,"href":"https:\/\/habitathn.org\/en\/wp-json\/wp\/v2\/users\/6"}],"replies":[{"embeddable":true,"href":"https:\/\/habitathn.org\/en\/wp-json\/wp\/v2\/comments?post=116"}],"version-history":[{"count":24,"href":"https:\/\/habitathn.org\/en\/wp-json\/wp\/v2\/pages\/116\/revisions"}],"predecessor-version":[{"id":2809,"href":"https:\/\/habitathn.org\/en\/wp-json\/wp\/v2\/pages\/116\/revisions\/2809"}],"wp:featuredmedia":[{"embeddable":true,"href":"https:\/\/habitathn.org\/en\/wp-json\/wp\/v2\/media\/2814"}],"wp:attachment":[{"href":"https:\/\/habitathn.org\/en\/wp-json\/wp\/v2\/media?parent=116"}],"curies":[{"name":"wp","href":"https:\/\/api.w.org\/{rel}","templated":true}]}}