{"id":1509,"date":"2017-08-29T09:34:19","date_gmt":"2017-08-29T15:04:19","guid":{"rendered":"http:\/\/www.habitathn.org\/index.php\/?page_id=1509"},"modified":"2021-12-03T18:56:02","modified_gmt":"2021-12-04T00:56:02","slug":"una-historia-familiar","status":"publish","type":"page","link":"https:\/\/habitathn.org\/en\/una-historia-familiar\/","title":{"rendered":"(Espa\u00f1ol) Germ\u00e1n Hern\u00e1ndez, un abuelo bien padre&#8230;"},"content":{"rendered":"<p class=\"qtranxs-available-languages-message qtranxs-available-languages-message-en\">Sorry, this entry is only available in <a href=\"https:\/\/habitathn.org\/es\/wp-json\/wp\/v2\/pages\/1509\" class=\"qtranxs-available-language-link qtranxs-available-language-link-es\" title=\"Espa\u00f1ol\">Espa\u00f1ol<\/a>.<\/p>","protected":false},"excerpt":{"rendered":"<p>Sorry, this entry is only available in Espa\u00f1ol.<\/p>\n","protected":false},"author":5,"featured_media":1274,"parent":0,"menu_order":0,"comment_status":"closed","ping_status":"closed","template":"","meta":{"_acf_changed":false,"footnotes":""},"class_list":["post-1509","page","type-page","status-publish","has-post-thumbnail","hentry"],"acf":[],"rttpg_featured_image_url":{"full":["https:\/\/habitathn.org\/wp-content\/uploads\/2017\/08\/1920_02.jpg",1920,800,false],"landscape":["https:\/\/habitathn.org\/wp-content\/uploads\/2017\/08\/1920_02.jpg",1920,800,false],"portraits":["https:\/\/habitathn.org\/wp-content\/uploads\/2017\/08\/1920_02.jpg",1920,800,false],"thumbnail":["https:\/\/habitathn.org\/wp-content\/uploads\/2017\/08\/1920_02-150x150.jpg",150,150,true],"medium":["https:\/\/habitathn.org\/wp-content\/uploads\/2017\/08\/1920_02-300x125.jpg",300,125,true],"large":["https:\/\/habitathn.org\/wp-content\/uploads\/2017\/08\/1920_02-1024x427.jpg",860,359,true],"1536x1536":["https:\/\/habitathn.org\/wp-content\/uploads\/2017\/08\/1920_02.jpg",1536,640,false],"2048x2048":["https:\/\/habitathn.org\/wp-content\/uploads\/2017\/08\/1920_02.jpg",1920,800,false],"small-header":["https:\/\/habitathn.org\/wp-content\/uploads\/2017\/08\/1920_02-1800x220.jpg",1800,220,true],"small-event":["https:\/\/habitathn.org\/wp-content\/uploads\/2017\/08\/1920_02-100x85.jpg",100,85,true],"medium-event":["https:\/\/habitathn.org\/wp-content\/uploads\/2017\/08\/1920_02-270x150.jpg",270,150,true],"large-event":["https:\/\/habitathn.org\/wp-content\/uploads\/2017\/08\/1920_02-770x330.jpg",770,330,true],"large-event-2":["https:\/\/habitathn.org\/wp-content\/uploads\/2017\/08\/1920_02-540x440.jpg",540,440,true],"document-thumb":["https:\/\/habitathn.org\/wp-content\/uploads\/2017\/08\/1920_02-400x167.jpg",400,167,true],"gallery-full":["https:\/\/habitathn.org\/wp-content\/uploads\/2017\/08\/1920_02-1660x800.jpg",1660,800,true],"gallery-thumb":["https:\/\/habitathn.org\/wp-content\/uploads\/2017\/08\/1920_02-540x330.jpg",540,330,true],"cause-medium":["https:\/\/habitathn.org\/wp-content\/uploads\/2017\/08\/1920_02-900x525.jpg",900,525,true],"staff-home":["https:\/\/habitathn.org\/wp-content\/uploads\/2017\/08\/1920_02-292x248.jpg",292,248,true],"woocommerce_thumbnail":["https:\/\/habitathn.org\/wp-content\/uploads\/2017\/08\/1920_02-300x300.jpg",300,300,true],"woocommerce_single":["https:\/\/habitathn.org\/wp-content\/uploads\/2017\/08\/1920_02.jpg",600,250,false],"woocommerce_gallery_thumbnail":["https:\/\/habitathn.org\/wp-content\/uploads\/2017\/08\/1920_02-100x100.jpg",100,100,true],"variation_swatches_image_size":["https:\/\/habitathn.org\/wp-content\/uploads\/2017\/08\/1920_02.jpg",50,21,false],"variation_swatches_tooltip_size":["https:\/\/habitathn.org\/wp-content\/uploads\/2017\/08\/1920_02.jpg",100,42,false]},"rttpg_author":{"display_name":"Victor Solano","author_link":"https:\/\/habitathn.org\/en\/author\/tuttocr\/"},"rttpg_comment":0,"rttpg_category":null,"rttpg_excerpt":"Sorry, this entry is only available in Espa\u00f1ol.","_links":{"self":[{"href":"https:\/\/habitathn.org\/en\/wp-json\/wp\/v2\/pages\/1509","targetHints":{"allow":["GET"]}}],"collection":[{"href":"https:\/\/habitathn.org\/en\/wp-json\/wp\/v2\/pages"}],"about":[{"href":"https:\/\/habitathn.org\/en\/wp-json\/wp\/v2\/types\/page"}],"author":[{"embeddable":true,"href":"https:\/\/habitathn.org\/en\/wp-json\/wp\/v2\/users\/5"}],"replies":[{"embeddable":true,"href":"https:\/\/habitathn.org\/en\/wp-json\/wp\/v2\/comments?post=1509"}],"version-history":[{"count":5,"href":"https:\/\/habitathn.org\/en\/wp-json\/wp\/v2\/pages\/1509\/revisions"}],"predecessor-version":[{"id":2683,"href":"https:\/\/habitathn.org\/en\/wp-json\/wp\/v2\/pages\/1509\/revisions\/2683"}],"wp:featuredmedia":[{"embeddable":true,"href":"https:\/\/habitathn.org\/en\/wp-json\/wp\/v2\/media\/1274"}],"wp:attachment":[{"href":"https:\/\/habitathn.org\/en\/wp-json\/wp\/v2\/media?parent=1509"}],"curies":[{"name":"wp","href":"https:\/\/api.w.org\/{rel}","templated":true}]}}