{"id":1664,"date":"2017-09-30T10:24:31","date_gmt":"2017-09-30T15:54:31","guid":{"rendered":"http:\/\/www.habitathn.org\/index.php\/?page_id=1664"},"modified":"2021-12-03T18:56:22","modified_gmt":"2021-12-04T00:56:22","slug":"german-hernandez-un-abuelo-bien-padre","status":"publish","type":"page","link":"https:\/\/habitathn.org\/en\/german-hernandez-un-abuelo-bien-padre\/","title":{"rendered":"(Espa\u00f1ol) Germ\u00e1n Hern\u00e1ndez, un abuelo bien padre&#8230;"},"content":{"rendered":"<p class=\"qtranxs-available-languages-message qtranxs-available-languages-message-en\">Sorry, this entry is only available in <a href=\"https:\/\/habitathn.org\/es\/wp-json\/wp\/v2\/pages\/1664\" class=\"qtranxs-available-language-link qtranxs-available-language-link-es\" title=\"Espa\u00f1ol\">Espa\u00f1ol<\/a>.<\/p>","protected":false},"excerpt":{"rendered":"<p>Sorry, this entry is only available in Espa\u00f1ol.<\/p>\n","protected":false},"author":5,"featured_media":1652,"parent":0,"menu_order":0,"comment_status":"closed","ping_status":"closed","template":"","meta":{"_acf_changed":false,"footnotes":""},"class_list":["post-1664","page","type-page","status-publish","has-post-thumbnail","hentry"],"acf":[],"rttpg_featured_image_url":{"full":["https:\/\/habitathn.org\/wp-content\/uploads\/2017\/07\/historia-1.jpg",448,299,false],"landscape":["https:\/\/habitathn.org\/wp-content\/uploads\/2017\/07\/historia-1.jpg",448,299,false],"portraits":["https:\/\/habitathn.org\/wp-content\/uploads\/2017\/07\/historia-1.jpg",448,299,false],"thumbnail":["https:\/\/habitathn.org\/wp-content\/uploads\/2017\/07\/historia-1-150x150.jpg",150,150,true],"medium":["https:\/\/habitathn.org\/wp-content\/uploads\/2017\/07\/historia-1-300x200.jpg",300,200,true],"large":["https:\/\/habitathn.org\/wp-content\/uploads\/2017\/07\/historia-1.jpg",448,299,false],"1536x1536":["https:\/\/habitathn.org\/wp-content\/uploads\/2017\/07\/historia-1.jpg",448,299,false],"2048x2048":["https:\/\/habitathn.org\/wp-content\/uploads\/2017\/07\/historia-1.jpg",448,299,false],"small-header":["https:\/\/habitathn.org\/wp-content\/uploads\/2017\/07\/historia-1-448x220.jpg",448,220,true],"small-event":["https:\/\/habitathn.org\/wp-content\/uploads\/2017\/07\/historia-1-100x85.jpg",100,85,true],"medium-event":["https:\/\/habitathn.org\/wp-content\/uploads\/2017\/07\/historia-1-270x150.jpg",270,150,true],"large-event":["https:\/\/habitathn.org\/wp-content\/uploads\/2017\/07\/historia-1.jpg",448,299,false],"large-event-2":["https:\/\/habitathn.org\/wp-content\/uploads\/2017\/07\/historia-1.jpg",448,299,false],"document-thumb":["https:\/\/habitathn.org\/wp-content\/uploads\/2017\/07\/historia-1-400x267.jpg",400,267,true],"gallery-full":["https:\/\/habitathn.org\/wp-content\/uploads\/2017\/07\/historia-1.jpg",448,299,false],"gallery-thumb":["https:\/\/habitathn.org\/wp-content\/uploads\/2017\/07\/historia-1.jpg",448,299,false],"cause-medium":["https:\/\/habitathn.org\/wp-content\/uploads\/2017\/07\/historia-1.jpg",448,299,false],"staff-home":["https:\/\/habitathn.org\/wp-content\/uploads\/2017\/07\/historia-1-292x248.jpg",292,248,true],"woocommerce_thumbnail":["https:\/\/habitathn.org\/wp-content\/uploads\/2017\/07\/historia-1.jpg",300,200,false],"woocommerce_single":["https:\/\/habitathn.org\/wp-content\/uploads\/2017\/07\/historia-1.jpg",448,299,false],"woocommerce_gallery_thumbnail":["https:\/\/habitathn.org\/wp-content\/uploads\/2017\/07\/historia-1-100x100.jpg",100,100,true],"variation_swatches_image_size":["https:\/\/habitathn.org\/wp-content\/uploads\/2017\/07\/historia-1.jpg",50,33,false],"variation_swatches_tooltip_size":["https:\/\/habitathn.org\/wp-content\/uploads\/2017\/07\/historia-1.jpg",100,67,false]},"rttpg_author":{"display_name":"Victor Solano","author_link":"https:\/\/habitathn.org\/en\/author\/tuttocr\/"},"rttpg_comment":0,"rttpg_category":null,"rttpg_excerpt":"Sorry, this entry is only available in Espa\u00f1ol.","_links":{"self":[{"href":"https:\/\/habitathn.org\/en\/wp-json\/wp\/v2\/pages\/1664","targetHints":{"allow":["GET"]}}],"collection":[{"href":"https:\/\/habitathn.org\/en\/wp-json\/wp\/v2\/pages"}],"about":[{"href":"https:\/\/habitathn.org\/en\/wp-json\/wp\/v2\/types\/page"}],"author":[{"embeddable":true,"href":"https:\/\/habitathn.org\/en\/wp-json\/wp\/v2\/users\/5"}],"replies":[{"embeddable":true,"href":"https:\/\/habitathn.org\/en\/wp-json\/wp\/v2\/comments?post=1664"}],"version-history":[{"count":3,"href":"https:\/\/habitathn.org\/en\/wp-json\/wp\/v2\/pages\/1664\/revisions"}],"predecessor-version":[{"id":2684,"href":"https:\/\/habitathn.org\/en\/wp-json\/wp\/v2\/pages\/1664\/revisions\/2684"}],"wp:featuredmedia":[{"embeddable":true,"href":"https:\/\/habitathn.org\/en\/wp-json\/wp\/v2\/media\/1652"}],"wp:attachment":[{"href":"https:\/\/habitathn.org\/en\/wp-json\/wp\/v2\/media?parent=1664"}],"curies":[{"name":"wp","href":"https:\/\/api.w.org\/{rel}","templated":true}]}}